{"id":58,"date":"2014-07-02T13:21:18","date_gmt":"2014-07-02T11:21:18","guid":{"rendered":"https:\/\/chriscovery.de\/?page_id=58"},"modified":"2023-03-14T22:00:52","modified_gmt":"2023-03-14T21:00:52","slug":"wer-bin-ich","status":"publish","type":"page","link":"https:\/\/chriscovery.de\/index.php\/archiv-2014\/wer-bin-ich\/","title":{"rendered":"Wer bin ich?"},"content":{"rendered":"\n<h3 class=\"wp-block-heading\">Wer bin ich?<\/h3>\n\n\n<div class=\"wp-block-image\">\n<figure class=\"alignright\"><a href=\"http:\/\/www.chriscovery.de\/wp-content\/uploads\/2014\/07\/Chris.jpg\"><img decoding=\"async\" src=\"http:\/\/www.chriscovery.de\/wp-content\/uploads\/2014\/07\/Chris-225x300.jpg\" alt=\"Christian\" class=\"wp-image-103\"\/><\/a><\/figure>\n<\/div>\n\n\n<p>Und warum eigentlich?- Aber darum geht es ja gerade gar nicht! Da Ihr aber trotzdem das Recht habt, zu wissen, wer Euch da&nbsp;eigentlich vollbl\u00f6delt, hier ein paar Angaben zu meiner Person:<strong>Name:<\/strong>&nbsp;Christian<br><strong>Alter:<\/strong> 35 Jahre<br><strong>Geschlecht<\/strong>: m\u00e4nnlich (was nach meinen neusten Erkenntnissen scheinbar keine Selbstverst\u00e4ndlichkeit ist)Aufgewachsen im sch\u00f6nen Wildenbruch direkt am Wald. Ich bitte hier darum &#8222;am&#8220; zu betonen.&nbsp;Zu mir selbst gibt es aber auch rein gar nichts au\u00dfergew\u00f6hnliches zu berichten. Grundschule hier, dann f\u00fcr ein Jahr&nbsp;ein Dorf weiter in die Polytechnische Oberschule und den Rest meiner Schullaufbahn&nbsp;sage und schreibe zwei D\u00f6rfer weiter. Damit w\u00e4ren die ersten 27 Jahre dann wohl gekl\u00e4rt.<\/p>\n","protected":false},"excerpt":{"rendered":"<p>Wer bin ich? Und warum eigentlich?- Aber darum geht es ja gerade gar nicht! Da Ihr aber trotzdem das Recht habt, zu wissen, wer Euch da&nbsp;eigentlich vollbl\u00f6delt, hier ein paar Angaben zu meiner Person:Name:&nbsp;ChristianAlter: 35 JahreGeschlecht: m\u00e4nnlich (was nach meinen neusten Erkenntnissen scheinbar keine Selbstverst\u00e4ndlichkeit ist)Aufgewachsen im sch\u00f6nen Wildenbruch direkt am Wald. Ich bitte hier &#8230; <span class=\"more\"><a class=\"more-link\" href=\"https:\/\/chriscovery.de\/index.php\/archiv-2014\/wer-bin-ich\/\">Klickst Du hier<\/a><\/span><\/p>\n","protected":false},"author":1,"featured_media":0,"parent":40,"menu_order":0,"comment_status":"closed","ping_status":"closed","template":"","meta":{"footnotes":""},"class_list":["entry","page","publish","author-wp-chris","post-58"],"jetpack_sharing_enabled":true,"_links":{"self":[{"href":"https:\/\/chriscovery.de\/index.php\/wp-json\/wp\/v2\/pages\/58","targetHints":{"allow":["GET"]}}],"collection":[{"href":"https:\/\/chriscovery.de\/index.php\/wp-json\/wp\/v2\/pages"}],"about":[{"href":"https:\/\/chriscovery.de\/index.php\/wp-json\/wp\/v2\/types\/page"}],"author":[{"embeddable":true,"href":"https:\/\/chriscovery.de\/index.php\/wp-json\/wp\/v2\/users\/1"}],"replies":[{"embeddable":true,"href":"https:\/\/chriscovery.de\/index.php\/wp-json\/wp\/v2\/comments?post=58"}],"version-history":[{"count":1,"href":"https:\/\/chriscovery.de\/index.php\/wp-json\/wp\/v2\/pages\/58\/revisions"}],"predecessor-version":[{"id":59,"href":"https:\/\/chriscovery.de\/index.php\/wp-json\/wp\/v2\/pages\/58\/revisions\/59"}],"up":[{"embeddable":true,"href":"https:\/\/chriscovery.de\/index.php\/wp-json\/wp\/v2\/pages\/40"}],"wp:attachment":[{"href":"https:\/\/chriscovery.de\/index.php\/wp-json\/wp\/v2\/media?parent=58"}],"curies":[{"name":"wp","href":"https:\/\/api.w.org\/{rel}","templated":true}]}}