{"id":40,"date":"2023-03-14T21:41:06","date_gmt":"2023-03-14T20:41:06","guid":{"rendered":"https:\/\/chriscovery.de\/?page_id=40"},"modified":"2023-08-22T16:28:57","modified_gmt":"2023-08-22T14:28:57","slug":"archiv-2014","status":"publish","type":"page","link":"https:\/\/chriscovery.de\/index.php\/archiv-2014\/","title":{"rendered":"Archiv"},"content":{"rendered":"\n<p>Hier findet Ihr alle Texte usw. der damaligen Tour. F\u00fcr die Tour, die ich gemeinsam mit Tina ins belgische Br\u00fcge unternommen habe, geht bitte auf<\/p>\n\n\n\n<div class=\"wp-block-buttons is-layout-flex wp-block-buttons-is-layout-flex\">\n<div class=\"wp-block-button\"><a class=\"wp-block-button__link wp-element-button\" href=\"http:\/\/www.klingo-castle.de\">www.klingo-castle.de  <\/a><\/div>\n<\/div>\n\n\n\n<p><\/p>\n\n\n\n<p>F\u00fcr meine Tour von Potsdam via Prag, Wien, Budapest, Belgrad, Sofia, Istanbul nach Thessaloniki klickt bitte hier:<\/p>\n\n\n\n<div class=\"wp-block-buttons is-layout-flex wp-block-buttons-is-layout-flex\">\n<div class=\"wp-block-button\"><a class=\"wp-block-button__link wp-element-button\" href=\"https:\/\/chriscovery.de\/index.php\/2014\/\">Archiv 2014er Beitr\u00e4ge<\/a><\/div>\n<\/div>\n","protected":false},"excerpt":{"rendered":"<p>Hier findet Ihr alle Texte usw. der damaligen Tour. F\u00fcr die Tour, die ich gemeinsam mit Tina ins belgische Br\u00fcge unternommen habe, geht bitte auf F\u00fcr meine Tour von Potsdam via Prag, Wien, Budapest, Belgrad, Sofia, Istanbul nach Thessaloniki klickt bitte hier:<\/p>\n","protected":false},"author":2,"featured_media":0,"parent":0,"menu_order":0,"comment_status":"closed","ping_status":"closed","template":"","meta":{"footnotes":""},"class_list":["entry","page","publish","author-christian","post-40"],"jetpack_sharing_enabled":true,"_links":{"self":[{"href":"https:\/\/chriscovery.de\/index.php\/wp-json\/wp\/v2\/pages\/40","targetHints":{"allow":["GET"]}}],"collection":[{"href":"https:\/\/chriscovery.de\/index.php\/wp-json\/wp\/v2\/pages"}],"about":[{"href":"https:\/\/chriscovery.de\/index.php\/wp-json\/wp\/v2\/types\/page"}],"author":[{"embeddable":true,"href":"https:\/\/chriscovery.de\/index.php\/wp-json\/wp\/v2\/users\/2"}],"replies":[{"embeddable":true,"href":"https:\/\/chriscovery.de\/index.php\/wp-json\/wp\/v2\/comments?post=40"}],"version-history":[{"count":8,"href":"https:\/\/chriscovery.de\/index.php\/wp-json\/wp\/v2\/pages\/40\/revisions"}],"predecessor-version":[{"id":1106,"href":"https:\/\/chriscovery.de\/index.php\/wp-json\/wp\/v2\/pages\/40\/revisions\/1106"}],"wp:attachment":[{"href":"https:\/\/chriscovery.de\/index.php\/wp-json\/wp\/v2\/media?parent=40"}],"curies":[{"name":"wp","href":"https:\/\/api.w.org\/{rel}","templated":true}]}}